{"id":41,"date":"2017-04-16T12:19:06","date_gmt":"2017-04-16T11:19:06","guid":{"rendered":"https:\/\/lafratblog.wordpress.com\/?page_id=41"},"modified":"2019-12-23T10:49:36","modified_gmt":"2019-12-23T09:49:36","slug":"presentation","status":"publish","type":"page","link":"https:\/\/lafrat.com\/?page_id=41","title":{"rendered":"Pr\u00e9sentation"},"content":{"rendered":"<p><b>La Soci\u00e9t\u00e9 Fraternelle des Cornemuses du Centre<\/b>, dite \u00ab\u00a0La Fraternelle\u00a0\u00bb ou encore \u00ab\u00a0la Frat\u00a0\u00bb, est un ensemble de cornemuses du Centre de la France, qui peut tout aussi bien se produire en concert, en bal traditionnel ou, v\u00e9ritable fanfare, en d\u00e9ambulation et autre animation de rue. Elle r\u00e9unit des musiciens (13 \u00e0 l&rsquo;origine, plus de 50 aujourd&rsquo;hui) qui viennent de tout le pays (Ile-de-France, Nord Pas-de-Calais, Berry, Normandie, Provence, Limousin&#8230;) et d&rsquo;Europe (Italie, Belgique, Pays-Bas, Allemagne&#8230;), sonneurs passionn\u00e9s par cet instrument au son envo\u00fbtant et profond, et par le r\u00e9pertoire traditionnel qui lui est associ\u00e9.<\/p>\n<p><b>Les cornemuses de George Sand<\/b><\/p>\n<p>Il n&rsquo;y a pas qu&rsquo;en Bretagne (ou en Ecosse) que l&rsquo;on joue de la cornemuse ! On a r\u00e9pertori\u00e9 rien qu&rsquo;en France 16 types diff\u00e9rents de cet instrument. La n\u00f4tre est celle du Centre de la France (Berry-Bourbonnais-Nivernais) et confins (Basse-Auvergne, Morvan) ; c&rsquo;est la cornemuse d\u00e9peinte par George Sand dans son roman champ\u00eatre <i>Les Ma\u00eetres sonneurs<\/i>.<span class=\"Apple-converted-space\">\u00a0<\/span><\/p>\n<p>La Fraternelle comprend quatre pupitres\u00a0: un de \u00ab\u00a0seize pouces\u00a0\u00bb, petite cornemuse sonnant en sol-do, tr\u00e8s r\u00e9pandue en Berry, Bourbonnais, Nivernais et Morvan, suite aux efforts men\u00e9s par les groupes folkloriques pour se doter d&rsquo;un instrument standard. Le deuxi\u00e8me pupitre est form\u00e9 de \u00ab\u00a0vingt-trois pouces\u00a0\u00bb, grande cornemuse jouant en do-fa, enfant r\u00e9invent\u00e9 de la \u00ab\u00a0Grande Cornemuse Bourbonnaise\u00a0\u00bb, h\u00e9ro\u00efne du roman de George Sand. Le troisi\u00e8me r\u00e9unit des \u00ab\u00a0trente pouces\u00a0\u00bb, cr\u00e9ation r\u00e9cente qui joue une octave au-dessous des seize pouces. Le dernier est celui des percussions\u00a0: \u00e9l\u00e9ment indispensable si l&rsquo;on veut assurer un peu de coh\u00e9sion et de stabilit\u00e9 rythmique&#8230;<span class=\"Apple-converted-space\">\u00a0<\/span><\/p>\n<p><b>Notre r\u00e9pertoire : \u00e0 la fois original et traditionnel.<\/b><\/p>\n<p>Parce qu&rsquo;elle est belle, qu&rsquo;elle nous pla\u00eet, et qu&rsquo;elle est organiquement, si l&rsquo;on peut dire, li\u00e9e \u00e0 notre instrument, la musique que nous jouons provient pour l&rsquo;essentiel du r\u00e9pertoire de chansons et danses traditionnels du Centre de la France (avec parfois des incursions dans quelques autres provinces). Traditionnel et original, comment concilier les deux\u00a0? Tout bonnement en allant puiser dans cet extraordinaire tr\u00e9sor m\u00e9lodique accumul\u00e9 et peaufin\u00e9 par l&rsquo;ancienne soci\u00e9t\u00e9 rurale traditionnelle, tr\u00e9sor recueilli par ces remarquables chercheurs des deux si\u00e8cles pass\u00e9s que l&rsquo;on a appel\u00e9 les folkloristes, ou maintenu par de nombreux chanteurs et musiciens \u00ab\u00a0routiniers\u00a0\u00bb, tr\u00e9sor qui content de magnifique perles m\u00e9lodiques, et pourtant trop souvent d\u00e9laiss\u00e9 aujourd&rsquo;hui.<span class=\"Apple-converted-space\">\u00a0<\/span><\/p>\n<p>Julien Barbances assure la direction artistique, et \u00e9crit les arrangements, produisant une harmonisation m\u00e9lodique et rythmique subtile et efficace, qui peut se montrer \u00e0 la fois hypnotique et balanc\u00e9e.<\/p>\n<p><b>Nos productions<\/b>. La Fraternelle a enregistr\u00e9, chez AEPEM, deux CD : <i>De grand matin<\/i> en 2010 (CD presque \u00e9puis\u00e9) et <i>La belle si nous partons<\/i> en 2015.<\/p>\n<p><b>Nos prestations : <\/b>La \u00ab\u00a0Fraternelle\u00a0\u00bb se produit avec 15 \u00e0 35 musiciens environs et propose des concerts, des bals et des animations d&rsquo;int\u00e9rieur ou d&rsquo;ext\u00e9rieur. Elle s&rsquo;adapte \u00e0 toutes les situations selon vos besoins&#8230; sauf \u00e0 la pluie !<\/p>\n<p>Nous avons jou\u00e9 en concert et en animation, depuis 2001, dans de nombreux \u00e9v\u00e9nements du monde des musiques traditionnelles, en France (festival d&rsquo;Ars dans l&rsquo;Indre, de Cassel-Cornemuse ou Het Lindeboom dans le Nord, rencontres de Cornemuses en Ile-de-France, Cornemuses d&rsquo;Europe \u00e0 Autun, dans le Morvan, f\u00eate de Marqu\u00e8ze dans les Landes&#8230;) ou en Europe (festival de<span class=\"Apple-converted-space\">\u00a0 <\/span>Strakonice en R\u00e9publique tch\u00e8que, ou l&rsquo;Et\u00e9trad dans la vall\u00e9e d&rsquo;Aoste en Italie), et dans de nombreuses animations de rue, en d\u00e9ambulation ou en d\u00e9fil\u00e9 de fanfares (F\u00eate des fanfares de Barentin (76), Festival Musiques vivantes de Ris-Orangis (91), Comice agricole de Donzy (58), entre autres et parmi tant d&rsquo;autres&#8230;)<\/p>\n","protected":false},"excerpt":{"rendered":"<p>La Soci\u00e9t\u00e9 Fraternelle des Cornemuses du Centre, dite \u00ab\u00a0La Fraternelle\u00a0\u00bb ou encore \u00ab\u00a0la Frat\u00a0\u00bb, est un ensemble de cornemuses du Centre de la France, qui peut tout aussi bien se produire en concert, en bal traditionnel ou, v\u00e9ritable fanfare, en d\u00e9ambulation et autre animation de rue. Elle r\u00e9unit des musiciens (13 \u00e0 l&rsquo;origine, plus de &hellip; <\/p>\n<p class=\"link-more\"><a href=\"https:\/\/lafrat.com\/?page_id=41\" class=\"more-link\">Continuer la lecture<span class=\"screen-reader-text\"> de &laquo;&nbsp;Pr\u00e9sentation&nbsp;&raquo;<\/span><\/a><\/p>\n","protected":false},"author":2,"featured_media":0,"parent":0,"menu_order":0,"comment_status":"closed","ping_status":"closed","template":"","meta":[],"_links":{"self":[{"href":"https:\/\/lafrat.com\/index.php?rest_route=\/wp\/v2\/pages\/41"}],"collection":[{"href":"https:\/\/lafrat.com\/index.php?rest_route=\/wp\/v2\/pages"}],"about":[{"href":"https:\/\/lafrat.com\/index.php?rest_route=\/wp\/v2\/types\/page"}],"author":[{"embeddable":true,"href":"https:\/\/lafrat.com\/index.php?rest_route=\/wp\/v2\/users\/2"}],"replies":[{"embeddable":true,"href":"https:\/\/lafrat.com\/index.php?rest_route=%2Fwp%2Fv2%2Fcomments&post=41"}],"version-history":[{"count":2,"href":"https:\/\/lafrat.com\/index.php?rest_route=\/wp\/v2\/pages\/41\/revisions"}],"predecessor-version":[{"id":237,"href":"https:\/\/lafrat.com\/index.php?rest_route=\/wp\/v2\/pages\/41\/revisions\/237"}],"wp:attachment":[{"href":"https:\/\/lafrat.com\/index.php?rest_route=%2Fwp%2Fv2%2Fmedia&parent=41"}],"curies":[{"name":"wp","href":"https:\/\/api.w.org\/{rel}","templated":true}]}}