{"id":136,"date":"2017-12-24T14:35:06","date_gmt":"2017-12-24T13:35:06","guid":{"rendered":"https:\/\/lafratblog.wordpress.com\/?page_id=136"},"modified":"2019-12-03T09:21:35","modified_gmt":"2019-12-03T08:21:35","slug":"la-frat","status":"publish","type":"page","link":"https:\/\/lafrat.com\/","title":{"rendered":"La Frat &#8230;"},"content":{"rendered":"<p><b>La Soci\u00e9t\u00e9 Fraternelle des Cornemuses du Centre<\/b>, dite \u00ab\u00a0La Fraternelle\u00a0\u00bb ou encore \u00ab\u00a0la Frat\u00a0\u00bb, est un ensemble de cornemuses du Centre de la France, qui peut tout aussi bien se produire en concert, en bal traditionnel ou, v\u00e9ritable fanfare, en d\u00e9ambulation et autre animation de rue. Elle r\u00e9unit des musiciens (13 \u00e0 l&rsquo;origine, plus de 50 aujourd&rsquo;hui) qui viennent de tout le pays (Ile-de-France, Nord Pas-de-Calais, Berry, Normandie, Provence, Limousin&#8230;) et d&rsquo;Europe (Italie, Belgique, Pays-Bas, Allemagne&#8230;), sonneurs passionn\u00e9s par cet instrument au son envo\u00fbtant et profond, et par le r\u00e9pertoire traditionnel qui lui est associ\u00e9.<\/p>\n<h5><a href=\"http:\/\/lafrat.com\/?page_id=41\">EN SAVOIR PLUS<\/a><\/h5>\n","protected":false},"excerpt":{"rendered":"<p>La Soci\u00e9t\u00e9 Fraternelle des Cornemuses du Centre, dite \u00ab\u00a0La Fraternelle\u00a0\u00bb ou encore \u00ab\u00a0la Frat\u00a0\u00bb, est un ensemble de cornemuses du Centre de la France, qui peut tout aussi bien se produire en concert, en bal traditionnel ou, v\u00e9ritable fanfare, en d\u00e9ambulation et autre animation de rue. Elle r\u00e9unit des musiciens (13 \u00e0 l&rsquo;origine, plus de &hellip; <\/p>\n<p class=\"link-more\"><a href=\"https:\/\/lafrat.com\/\" class=\"more-link\">Continuer la lecture<span class=\"screen-reader-text\"> de &laquo;&nbsp;La Frat &#8230;&nbsp;&raquo;<\/span><\/a><\/p>\n","protected":false},"author":2,"featured_media":0,"parent":0,"menu_order":0,"comment_status":"closed","ping_status":"closed","template":"","meta":[],"_links":{"self":[{"href":"https:\/\/lafrat.com\/index.php?rest_route=\/wp\/v2\/pages\/136"}],"collection":[{"href":"https:\/\/lafrat.com\/index.php?rest_route=\/wp\/v2\/pages"}],"about":[{"href":"https:\/\/lafrat.com\/index.php?rest_route=\/wp\/v2\/types\/page"}],"author":[{"embeddable":true,"href":"https:\/\/lafrat.com\/index.php?rest_route=\/wp\/v2\/users\/2"}],"replies":[{"embeddable":true,"href":"https:\/\/lafrat.com\/index.php?rest_route=%2Fwp%2Fv2%2Fcomments&post=136"}],"version-history":[{"count":3,"href":"https:\/\/lafrat.com\/index.php?rest_route=\/wp\/v2\/pages\/136\/revisions"}],"predecessor-version":[{"id":226,"href":"https:\/\/lafrat.com\/index.php?rest_route=\/wp\/v2\/pages\/136\/revisions\/226"}],"wp:attachment":[{"href":"https:\/\/lafrat.com\/index.php?rest_route=%2Fwp%2Fv2%2Fmedia&parent=136"}],"curies":[{"name":"wp","href":"https:\/\/api.w.org\/{rel}","templated":true}]}}